{"id":7149,"date":"2024-05-01T20:09:49","date_gmt":"2024-05-01T18:09:49","guid":{"rendered":"http:\/\/filologiya.gdu.edu.az\/?page_id=7149"},"modified":"2025-04-24T09:38:25","modified_gmt":"2025-04-24T07:38:25","slug":"az%c9%99rbaycan-dili-kafedrasinin-tarixi","status":"publish","type":"page","link":"https:\/\/filologiya.gdu.edu.az\/?page_id=7149","title":{"rendered":"Az\u0259rbaycan dili kafedras\u0131n\u0131n tarixi"},"content":{"rendered":"\n<figure class=\"wp-block-image size-large\"><img loading=\"lazy\" decoding=\"async\" width=\"1624\" height=\"1082\" src=\"https:\/\/filologiya.gdu.edu.az\/wp-content\/uploads\/2025\/04\/IMG_-36.jpg\" alt=\"\" class=\"wp-image-8937\" srcset=\"https:\/\/filologiya.gdu.edu.az\/wp-content\/uploads\/2025\/04\/IMG_-36.jpg 1624w, https:\/\/filologiya.gdu.edu.az\/wp-content\/uploads\/2025\/04\/IMG_-36-768x512.jpg 768w, https:\/\/filologiya.gdu.edu.az\/wp-content\/uploads\/2025\/04\/IMG_-36-1536x1023.jpg 1536w, https:\/\/filologiya.gdu.edu.az\/wp-content\/uploads\/2025\/04\/IMG_-36-960x640.jpg 960w, https:\/\/filologiya.gdu.edu.az\/wp-content\/uploads\/2025\/04\/IMG_-36-480x320.jpg 480w, https:\/\/filologiya.gdu.edu.az\/wp-content\/uploads\/2025\/04\/IMG_-36-320x213.jpg 320w, https:\/\/filologiya.gdu.edu.az\/wp-content\/uploads\/2025\/04\/IMG_-36-240x160.jpg 240w\" sizes=\"auto, (max-width: 1624px) 100vw, 1624px\" \/><\/figure>\n\n\n\n<p><strong>KAFEDRANIN TAR\u0130X\u0130 HAQQINDA M\u018fLUMAT<\/strong><\/p>\n\n\n\n<p>G\u0259nc\u0259D\u00f6vl\u0259t Universitetind\u0259 Az\u0259rbaycan dili kafedras\u0131 1966-c\u0131 ild\u0259n Az\u0259rbaycan dili v\u0259 onun t\u0259drisi metodikas\u0131 ad\u0131 alt\u0131nda f\u0259aliyy\u0259t\u0259 ba\u015flam\u0131\u015fd\u0131r. 1966-1967-ci t\u0259dris ilind\u0259n etibar\u0259n Az\u0259rbaycan SSR Ali v\u0259 Orta \u0130xtisas T\u0259hsili Nazirliyinin 25 oktyabr 1966-c\u0131 il tarixli, 315-&nbsp;&nbsp; li \u0259mri il\u0259 Az\u0259rbaycan dili v\u0259 \u0259d\u0259biyyat\u0131 kafedras\u0131 bazas\u0131nda yarad\u0131lm\u0131\u015fd\u0131r.<\/p>\n\n\n\n<p>Kafedraya dosent Hiday\u0259t C\u0259f\u0259rov, dosent \u018fli C\u0259f\u0259rli v\u0259 dosent \u015e\u0259fiq\u0259 Yusifli t\u0259hb\u0259rlik etmi\u015fl\u0259r.<\/p>\n\n\n\n<p>1971-ci ild\u0259n Az\u0259rbaycan dili v\u0259 onun t\u0259drisi metodikas\u0131 bazas\u0131 \u0259sas\u0131nda Az\u0259rbaycan dil\u00e7iliyi kafedras\u0131 yarad\u0131lm\u0131\u015fd\u0131r. Kafedraya dosent \u018fli C\u0259f\u0259rli, dosent Vahid Mursaqulov r\u0259hb\u0259rlik etmi\u015fl\u0259r.<\/p>\n\n\n\n<p>1988-ci ild\u0259 iki kafedra yenid\u0259n birl\u0259\u015fmi\u015fdir. Kafedran\u0131n ad\u0131 \u0259vv\u0259lki kimi Az\u0259rbaycan dili v\u0259 onun t\u0259drisi kafedras\u0131 adland\u0131r\u0131lm\u0131\u015fd\u0131r. Kafedraya 1997-ci il\u0259 kimi professor M\u0259mm\u0259d C\u0259f\u0259rzad\u0259 r\u0259hb\u0259rlik etmi\u015fdir. 1997-ci ild\u0259n 2014-c\u00fc il\u0259 kimi professor M\u00fcbariz Yusifov kafedraya r\u0259hb\u0259rlik etmi\u015fdir. 2014-c\u00fc ilin aprel ay\u0131ndan bu g\u00fcn\u0259 kimi prof. Telman Ziyatxan o\u011flu Quliyev kafedraya r\u0259hb\u0259rlik edir.<\/p>\n\n\n\n<p>Haz\u0131rda kafedra 2 (iki) n\u0259f\u0259r elml\u0259r doktoru, professor, 1 (bir) n\u0259f\u0259r,f.e.d.,dosent, 9 (doqquz) n\u0259f\u0259r f.\u00fc.f.d., dosent, 3 (\u00fc\u00e7) n\u0259f\u0259r ba\u015f m\u00fc\u0259llim, f.\u00fc.f.d., 1 (bir) &nbsp;n\u0259f\u0259r p.\u00fc.f.d., m\u00fc\u0259llim, 3 (\u00fc\u00e7) n\u0259f\u0259r ba\u015f m\u00fc\u0259llim, 11 (on bir) n\u0259f\u0259r m\u00fc\u0259llim, 7 (yeddi) n\u0259f\u0259r b\u00f6y\u00fck laborant v\u0259 3 (\u00fc\u00e7) n\u0259f\u0259r lobaront, 1 (bir) n\u0259f\u0259r operator \u00e7al\u0131\u015f\u0131r.<\/p>\n","protected":false},"excerpt":{"rendered":"<p>KAFEDRANIN TAR\u0130X\u0130 HAQQINDA M\u018fLUMAT G\u0259nc\u0259D\u00f6vl\u0259t Universitetind\u0259 Az\u0259rbaycan dili kafedras\u0131 1966-c\u0131 ild\u0259n Az\u0259rbaycan dili v\u0259 onun t\u0259drisi metodikas\u0131 ad\u0131 alt\u0131nda f\u0259aliyy\u0259t\u0259 ba\u015flam\u0131\u015fd\u0131r. 1966-1967-ci t\u0259dris ilind\u0259n etibar\u0259n Az\u0259rbaycan SSR Ali v\u0259 Orta \u0130xtisas T\u0259hsili Nazirliyinin 25 oktyabr 1966-c\u0131 il tarixli, 315-&nbsp;&nbsp; li \u0259mri il\u0259 Az\u0259rbaycan dili v\u0259 \u0259d\u0259biyyat\u0131 kafedras\u0131 bazas\u0131nda yarad\u0131lm\u0131\u015fd\u0131r. Kafedraya dosent Hiday\u0259t C\u0259f\u0259rov, dosent \u018fli<\/p>\n<p><a href=\"https:\/\/filologiya.gdu.edu.az\/?page_id=7149\" class=\"more-link themebutton\">Daha \u0259trafl\u0131<\/a><\/p>\n","protected":false},"author":1,"featured_media":0,"parent":0,"menu_order":0,"comment_status":"closed","ping_status":"closed","template":"","meta":{"footnotes":""},"class_list":["post-7149","page","type-page","status-publish","hentry"],"_links":{"self":[{"href":"https:\/\/filologiya.gdu.edu.az\/index.php?rest_route=\/wp\/v2\/pages\/7149","targetHints":{"allow":["GET"]}}],"collection":[{"href":"https:\/\/filologiya.gdu.edu.az\/index.php?rest_route=\/wp\/v2\/pages"}],"about":[{"href":"https:\/\/filologiya.gdu.edu.az\/index.php?rest_route=\/wp\/v2\/types\/page"}],"author":[{"embeddable":true,"href":"https:\/\/filologiya.gdu.edu.az\/index.php?rest_route=\/wp\/v2\/users\/1"}],"replies":[{"embeddable":true,"href":"https:\/\/filologiya.gdu.edu.az\/index.php?rest_route=%2Fwp%2Fv2%2Fcomments&post=7149"}],"version-history":[{"count":4,"href":"https:\/\/filologiya.gdu.edu.az\/index.php?rest_route=\/wp\/v2\/pages\/7149\/revisions"}],"predecessor-version":[{"id":10081,"href":"https:\/\/filologiya.gdu.edu.az\/index.php?rest_route=\/wp\/v2\/pages\/7149\/revisions\/10081"}],"wp:attachment":[{"href":"https:\/\/filologiya.gdu.edu.az\/index.php?rest_route=%2Fwp%2Fv2%2Fmedia&parent=7149"}],"curies":[{"name":"wp","href":"https:\/\/api.w.org\/{rel}","templated":true}]}}