{"id":6959,"date":"2024-04-15T20:05:25","date_gmt":"2024-04-15T18:05:25","guid":{"rendered":"http:\/\/filologiya.gdu.edu.az\/?page_id=6959"},"modified":"2025-12-18T09:53:57","modified_gmt":"2025-12-18T07:53:57","slug":"d%c9%99rs-c%c9%99dv%c9%99li-2","status":"publish","type":"page","link":"https:\/\/filologiya.gdu.edu.az\/?page_id=6959","title":{"rendered":"D\u0259rs c\u0259dv\u0259li"},"content":{"rendered":"\n<p><a href=\"https:\/\/disk.yandex.ru\/i\/ZH_PjEZrt1tT5w\">\u0130MTAHAN C\u018fDV\u018fL\u0130 (pay\u0131z sessiyas\u0131<\/a><\/p>\n\n\n\n<p class=\"has-text-align-center\"><\/p>\n\n\n\n<p class=\"has-text-align-center\">2025-2026-c\u0131 t\u0259dris ili<\/p>\n\n\n\n<p class=\"has-text-align-center\"><strong>I YARIM \u0130L <\/strong><\/p>\n\n\n\n<p class=\"has-text-align-center\"><a href=\"https:\/\/disk.yandex.ru\/d\/kcD_Uke6RQ1d1g\">D\u018fRS C\u018fDV\u018fL\u0130 <\/a><\/p>\n\n\n\n<p class=\"has-text-align-center\"><\/p>\n","protected":false},"excerpt":{"rendered":"<p>\u0130MTAHAN C\u018fDV\u018fL\u0130 (pay\u0131z sessiyas\u0131 2025-2026-c\u0131 t\u0259dris ili I YARIM \u0130L D\u018fRS C\u018fDV\u018fL\u0130<\/p>\n","protected":false},"author":1,"featured_media":0,"parent":0,"menu_order":0,"comment_status":"closed","ping_status":"closed","template":"","meta":{"footnotes":""},"class_list":["post-6959","page","type-page","status-publish","hentry"],"_links":{"self":[{"href":"https:\/\/filologiya.gdu.edu.az\/index.php?rest_route=\/wp\/v2\/pages\/6959","targetHints":{"allow":["GET"]}}],"collection":[{"href":"https:\/\/filologiya.gdu.edu.az\/index.php?rest_route=\/wp\/v2\/pages"}],"about":[{"href":"https:\/\/filologiya.gdu.edu.az\/index.php?rest_route=\/wp\/v2\/types\/page"}],"author":[{"embeddable":true,"href":"https:\/\/filologiya.gdu.edu.az\/index.php?rest_route=\/wp\/v2\/users\/1"}],"replies":[{"embeddable":true,"href":"https:\/\/filologiya.gdu.edu.az\/index.php?rest_route=%2Fwp%2Fv2%2Fcomments&post=6959"}],"version-history":[{"count":10,"href":"https:\/\/filologiya.gdu.edu.az\/index.php?rest_route=\/wp\/v2\/pages\/6959\/revisions"}],"predecessor-version":[{"id":9935,"href":"https:\/\/filologiya.gdu.edu.az\/index.php?rest_route=\/wp\/v2\/pages\/6959\/revisions\/9935"}],"wp:attachment":[{"href":"https:\/\/filologiya.gdu.edu.az\/index.php?rest_route=%2Fwp%2Fv2%2Fmedia&parent=6959"}],"curies":[{"name":"wp","href":"https:\/\/api.w.org\/{rel}","templated":true}]}}