{"id":6832,"date":"2024-04-04T11:18:13","date_gmt":"2024-04-04T09:18:13","guid":{"rendered":"http:\/\/filologiya.gdu.edu.az\/?page_id=6832"},"modified":"2024-04-04T11:18:13","modified_gmt":"2024-04-04T09:18:13","slug":"qasimova-nurlu-x%c9%99qani-qizi","status":"publish","type":"page","link":"https:\/\/filologiya.gdu.edu.az\/?page_id=6832","title":{"rendered":"Qas\u0131mova Nurlu X\u0259qani q\u0131z\u0131"},"content":{"rendered":"\n<div class=\"wp-block-image\"><figure class=\"aligncenter size-large\"><img loading=\"lazy\" decoding=\"async\" width=\"241\" height=\"308\" src=\"https:\/\/filologiya.gdu.edu.az\/wp-content\/uploads\/2024\/04\/image-48.png\" alt=\"\" class=\"wp-image-6833\"\/><\/figure><\/div>\n\n\n\n<p><strong>Qas\u0131mova\nNurlu X\u0259qani q\u0131z\u0131<\/strong><\/p>\n\n\n\n<p><strong>V\u0259zif\u0259si<\/strong><\/p>\n\n\n\n<p>G\u0259nc\u0259 D\u00f6vl\u0259t Universitetinin Az\u0259rbaycan dili\nkafedras\u0131n\u0131n m\u00fc\u0259llimi<\/p>\n\n\n\n<p><strong>Tel: <\/strong>0507057906<\/p>\n\n\n\n<p><strong>Email: <\/strong>nurluqasimova0@gmail.com<\/p>\n\n\n\n<p><strong>Q\u0131sa bioqrafik m\u0259lumat<\/strong><\/p>\n\n\n\n<p>10.11.1996-c\u0131 ild\u0259 G\u0259d\u0259b\u0259y rayonunda anadan olmu\u015fdur.<\/p>\n\n\n\n<p><strong>T\u0259hsili<\/strong><\/p>\n\n\n\n<p>\u2022 2002-2013-c\u00fc ill\u0259rd\u0259 \u015e\u0259mkir k\u0259nd tam orta m\u0259kt\u0259bind\u0259\nt\u0259hsil alm\u0131\u015fd\u0131r.<\/p>\n\n\n\n<p>\u2022 2013-2017-ci ill\u0259rd\u0259 G\u0259nc\u0259 D\u00f6vl\u0259t Universitetinin\nFilologiya fak\u00fclt\u0259sinin Az\u0259rbaycan dili v\u0259 \u0259d\u0259biyyat\u0131 m\u00fc\u0259llimliyi ixtisas\u0131 \u00fczr\u0259\nt\u0259hsil al\u0131b.<\/p>\n\n\n\n<p>\u2022 2017-2019-cu ill\u0259rd\u0259 G\u0259nc\u0259 D\u00f6vl\u0259t Universitetinin\nMagistratura \u015f\u00f6b\u0259sinin Dil\u015f\u00fcnasl\u0131q ( M\u00fcqayis\u0259li dil\u00e7ilik) ixtisas\u0131 \u00fczr\u0259 t\u0259hsil\nal\u0131b.<\/p>\n\n\n\n<p><strong>\u018fm\u0259k f\u0259aliyy\u0259ti<\/strong><\/p>\n\n\n\n<p>2020-ci ild\u0259n G\u0259nc\u0259 D\u00f6vl\u0259t Universitetinin Az\u0259rbaycan\ndili kafedras\u0131nda m\u00fc\u0259llim i\u015fl\u0259yir.<\/p>\n\n\n\n<p><strong>Elmi \u0259s\u0259rl\u0259ri<\/strong><\/p>\n\n\n\n<p><strong>\u2022 <\/strong>T\u00fcrk\ndill\u0259rind\u0259 sif\u0259ttin m\u00fcqayis\u0259 d\u0259r\u0259c\u0259l\u0259rinin t\u0259dqiqi tarixind\u0259n,GDU, T\u0259l\u0259b\u0259 v\u0259\nmagistrantlar\u0131n elmi konfrans\u0131n\u0131n materiallar\u0131, G\u0259nc\u0259, 2018<\/p>\n\n\n\n<p>\u2022 T\u00fcrk dill\u0259rind\u0259 sif\u0259tin m\u00fc\u0259yy\u0259n \u015f\u0259kil\u00e7il\u0259r vasit\u0259si\nil\u0259 d\u00fcz\u0259l\u0259n azaltma d\u0259r\u0259c\u0259si, GDU, T\u0259l\u0259b\u0259 v\u0259 magistrantlar\u0131n elmi konfrans\u0131n\u0131n\nmateriallar\u0131, G\u0259nc\u0259, 2019<\/p>\n\n\n\n<p>\u2022 T\u00fcrkiy\u0259 t\u00fcrkc\u0259sind\u0259 sif\u0259tin m\u00fcqayis\u0259 d\u0259r\u0259c\u0259si,\nFilologiya m\u0259s\u0259l\u0259l\u0259ri, Bak\u0131, 2022, \u2116 7, s\u0259h. 118-123<\/p>\n\n\n\n<p>\u2022 Heyd\u0259r \u018fliyev siyas\u0259tind\u0259 milli \u2013 m\u0259n\u0259vi d\u0259y\u0259rl\u0259r,\n\u201cHeyd\u0259r \u018fliyev d\u00fchas\u0131 v\u0259 m\u00fcasir Az\u0259rbaycan\u201d m\u00f6vzusunda elmi \u2013 n\u0259z\u0259ri konfrans\u0131n\nmateriallar\u0131, Ming\u0259\u00e7evir D\u00f6vl\u0259t Universiteti, Ming\u0259\u00e7evir ,2022, s\u0259h. 300-303<\/p>\n\n\n\n<p><strong>Partiyal\u0131\u011f\u0131 <\/strong><\/p>\n\n\n\n<p>YAP<\/p>\n","protected":false},"excerpt":{"rendered":"<p>Qas\u0131mova Nurlu X\u0259qani q\u0131z\u0131 V\u0259zif\u0259si G\u0259nc\u0259 D\u00f6vl\u0259t Universitetinin Az\u0259rbaycan dili kafedras\u0131n\u0131n m\u00fc\u0259llimi Tel: 0507057906 Email: nurluqasimova0@gmail.com Q\u0131sa bioqrafik m\u0259lumat 10.11.1996-c\u0131 ild\u0259 G\u0259d\u0259b\u0259y rayonunda anadan olmu\u015fdur. T\u0259hsili \u2022 2002-2013-c\u00fc ill\u0259rd\u0259 \u015e\u0259mkir k\u0259nd tam orta m\u0259kt\u0259bind\u0259 t\u0259hsil alm\u0131\u015fd\u0131r. \u2022 2013-2017-ci ill\u0259rd\u0259 G\u0259nc\u0259 D\u00f6vl\u0259t Universitetinin Filologiya fak\u00fclt\u0259sinin Az\u0259rbaycan dili v\u0259 \u0259d\u0259biyyat\u0131 m\u00fc\u0259llimliyi ixtisas\u0131 \u00fczr\u0259 t\u0259hsil al\u0131b. \u2022 2017-2019-cu<\/p>\n<p><a href=\"https:\/\/filologiya.gdu.edu.az\/?page_id=6832\" class=\"more-link themebutton\">Daha \u0259trafl\u0131<\/a><\/p>\n","protected":false},"author":6,"featured_media":0,"parent":0,"menu_order":0,"comment_status":"closed","ping_status":"closed","template":"","meta":{"footnotes":""},"class_list":["post-6832","page","type-page","status-publish","hentry"],"_links":{"self":[{"href":"https:\/\/filologiya.gdu.edu.az\/index.php?rest_route=\/wp\/v2\/pages\/6832","targetHints":{"allow":["GET"]}}],"collection":[{"href":"https:\/\/filologiya.gdu.edu.az\/index.php?rest_route=\/wp\/v2\/pages"}],"about":[{"href":"https:\/\/filologiya.gdu.edu.az\/index.php?rest_route=\/wp\/v2\/types\/page"}],"author":[{"embeddable":true,"href":"https:\/\/filologiya.gdu.edu.az\/index.php?rest_route=\/wp\/v2\/users\/6"}],"replies":[{"embeddable":true,"href":"https:\/\/filologiya.gdu.edu.az\/index.php?rest_route=%2Fwp%2Fv2%2Fcomments&post=6832"}],"version-history":[{"count":1,"href":"https:\/\/filologiya.gdu.edu.az\/index.php?rest_route=\/wp\/v2\/pages\/6832\/revisions"}],"predecessor-version":[{"id":6834,"href":"https:\/\/filologiya.gdu.edu.az\/index.php?rest_route=\/wp\/v2\/pages\/6832\/revisions\/6834"}],"wp:attachment":[{"href":"https:\/\/filologiya.gdu.edu.az\/index.php?rest_route=%2Fwp%2Fv2%2Fmedia&parent=6832"}],"curies":[{"name":"wp","href":"https:\/\/api.w.org\/{rel}","templated":true}]}}