{"id":2286,"date":"2018-07-06T08:42:42","date_gmt":"2018-07-06T06:42:42","guid":{"rendered":"http:\/\/filologiya.gdu.edu.az\/?page_id=2286"},"modified":"2025-04-18T12:59:34","modified_gmt":"2025-04-18T10:59:34","slug":"azd%c9%99-kafedra-mudiri","status":"publish","type":"page","link":"https:\/\/filologiya.gdu.edu.az\/?page_id=2286","title":{"rendered":"Az\u0259rbaycan v\u0259 D\u00fcnya \u018fd\u0259biyyat\u0131 Kafedras\u0131; professor-m\u00fc\u0259llim hey\u0259ti"},"content":{"rendered":"\n<div class=\"wp-block-image\"><figure class=\"aligncenter size-large\"><img loading=\"lazy\" decoding=\"async\" width=\"393\" height=\"336\" src=\"https:\/\/filologiya.gdu.edu.az\/wp-content\/uploads\/2024\/01\/63a24ec7-7ac4-4b6d-a561-c58aa6432ce7.jpg\" alt=\"\" class=\"wp-image-6402\"\/><\/figure><\/div>\n\n\n<p><\/p>\n<p><strong>&nbsp;<\/strong><\/p>\n<p><strong>Az\u0259rbaycan v\u0259 D\u00fcnya \u018fd\u0259biyyat\u0131 Kafedras\u0131n\u0131n m\u00fcdiri <\/strong><\/p>\n<p><span style=\"color: #ff6600;\"><strong>S\u018fBA AZAD QIZI NAMAZOVA <\/strong><\/span><\/p>\n<p><strong>Filologiya \u00fczr\u0259 f\u0259ls\u0259f\u0259 doktoru, dosent<\/strong><\/p>\n<p><strong>QISA B\u0130OQRAF\u0130K M\u018fLUMAT<\/strong><\/p>\n<ul>\n<li>1980-ci il sentyabr ay\u0131n\u0131n 20-d\u0259 Samux rayonu N\u0259bia\u011fal\u0131 q\u0259s\u0259b\u0259sind\u0259 ziyal\u0131 ail\u0259sind\u0259 anadan olmu\u015fdur.<\/li>\n<li>1987-1996-ci ill\u0259rd\u0259 Samux rayonu N\u0259bia\u011fal\u0131 q\u0259s\u0259b\u0259 \u0259sas m\u0259kt\u0259bind\u0259, 1996-1998-ci ill\u0259rd\u0259 Samux rayonu N\u0259bia\u011fal\u0131 q\u0259s\u0259b\u0259 orta m\u0259kt\u0259bind\u0259 t\u0259hsilini \u0259la (f\u0259rql\u0259nm\u0259 \u015f\u0259had\u0259tnam\u0259si v\u0259 attestat\u0131 il\u0259) ba\u015fa vurmu\u015fdur.<\/li>\n<\/ul>\n<p><span style=\"color: #ff6600;\"><strong>T\u018fHS\u0130L\u0130, ELM\u0130 D\u018fR\u018fC\u018f v\u0259 ADLARI<\/strong><\/span><\/p>\n<p><strong>&nbsp;<\/strong><\/p>\n<ul>\n<li>2002-ci ild\u0259 G\u0259nc\u0259 D\u00f6vl\u0259t Universitetinin filologiya fak\u00fclt\u0259sini (Az\u0259rbaycan dili v\u0259 \u0259d\u0259biyyat\u0131 ixtisas\u0131 \u00fczr\u0259) f\u0259rql\u0259nm\u0259 diplomu il\u0259 bitirmi\u015fdir.<\/li>\n<li>2004-c\u00fc ild\u0259 G\u0259nc\u0259 D\u00f6vl\u0259t Universitetinin filologiya fak\u00fclt\u0259sind\u0259 t\u0259hsilin magistratura s\u0259viyy\u0259sini Xarici \u00f6lk\u0259 xalqlar\u0131 \u0259d\u0259biyyat\u0131 ixtisas\u0131 \u00fczr\u0259 f\u0259rql\u0259nm\u0259 diplomu il\u0259 bitirib, magistr d\u0259r\u0259c\u0259si alm\u0131\u015fd\u0131r.<\/li>\n<li>2008-ci ild\u0259n 2012-ci il\u0259d\u0259k Az\u0259rbaycan Milli Elml\u0259r Akademiyas\u0131 Nizami G\u0259nc\u0259vi ad\u0131na \u018fd\u0259biyyat \u0130nstitutunun 5716.01 \u2013 Az\u0259rbaycan \u0259d\u0259biyyat\u0131 ixtisas\u0131 \u00fczr\u0259 f\u0259ls\u0259f\u0259 doktoru proqram\u0131 \u0259sas\u0131nda dissertant\u0131 olmu\u015fdur.<\/li>\n<li>14 mart 2014-c\u00fc ild\u0259 \u201cMolla N\u0259sr\u0259ddin\u201d jurnal\u0131 v\u0259 G\u0259nc\u0259 \u0259d\u0259bi m\u00fchiti\u201d m\u00f6vzusunda 5716.01-Az\u0259rbaycan \u0259d\u0259biyyat\u0131 ixtisas\u0131 \u00fczr\u0259 filologiya \u00fczr\u0259 f\u0259ls\u0259f\u0259 doktoru alimlik d\u0259r\u0259c\u0259si almaq \u00fc\u00e7\u00fcn t\u0259qdim edilmi\u015f dissertasiyas\u0131n\u0131n m\u00fcdafi\u0259si u\u011furla ke\u00e7mi\u015fdir.<\/li>\n<li>Az\u0259rbaycan Respublikas\u0131n\u0131n&nbsp; Prezidenti yan\u0131nda&nbsp; Ali Attestasiya Komissiyas\u0131n\u0131n 13 may 2015-ci il tarixli (protokol \u2116 15-k) q\u0259rar\u0131 il\u0259 filologiya \u00fczr\u0259 f\u0259ls\u0259f\u0259 doktoru elmi d\u0259r\u0259c\u0259si verilmi\u015fdir.<\/li>\n<li>2017-ci ilin yanvar\u0131ndan G\u0259nc\u0259 D\u00f6vl\u0259t Universitetinin 5716.01 \u2013 Az\u0259rbaycan \u0259d\u0259biyyat\u0131 ixtisas\u0131 \u00fczr\u0259 elml\u0259r doktoru proqram\u0131 \u0259sas\u0131nda dissertant\u0131d\u0131r.<\/li>\n<li>Az\u0259rbaycan Respublikas\u0131n\u0131n Prezidenti yan\u0131nda Ali Attestasiya Komissiyas\u0131n\u0131n 2 dekabr 2022-ci il tarixli q\u0259rar\u0131 il\u0259 elmi-pedaqoji f\u0259aliyy\u0259tin\u0259 g\u00f6r\u0259 filologiya elml\u0259ri elm sah\u0259sinin 5716.01-Az\u0259rbaycan \u0259d\u0259biyyat\u0131 ixtisas\u0131 \u00fczr\u0259 Dosent Elmi ad\u0131 verilmi\u015fdir.<\/li>\n<\/ul>\n<p><span style=\"color: #ff6600;\"><strong>\u018fM\u018fK F\u018fAL\u0130YY\u018fT\u0130<\/strong><\/span><\/p>\n<ul>\n<li>2005-ci ilin fevral\u0131ndan G\u0259nc\u0259 D\u00f6vl\u0259t Universitetinin D\u00fcnya \u0259d\u0259biyyat\u0131 v\u0259 m\u0259d\u0259niyy\u0259t\u015f\u00fcnasl\u0131q kafedras\u0131nda elmi-pedaqoji f\u0259aliyy\u0259t\u0259 ba\u015flam\u0131\u015fd\u0131r.<\/li>\n<li>2004-2013-c\u00fc ill\u0259rd\u0259 Samux \u015f\u0259h\u0259ri M.\u018f.Sabir ad\u0131na 1 sayl\u0131 m\u0259kt\u0259b-liseyd\u0259 Az\u0259rbaycan dili v\u0259 \u0259d\u0259biyyat\u0131 f\u0259nnini t\u0259dris etmi\u015fdir.<\/li>\n<li>2008-ci ild\u0259 Az\u0259rbaycan M\u00fc\u0259lliml\u0259rinin XIII qurultay\u0131n\u0131n n\u00fcmay\u0259nd\u0259si olmu\u015fdur.<\/li>\n<li>2010-2018-ci ill\u0259rd\u0259 G\u0259nc\u0259 D\u00f6vl\u0259t Universitetinin Az\u0259rbaycan v\u0259 d\u00fcnya \u0259d\u0259biyyat\u0131 kafedras\u0131nda ba\u015f m\u00fc\u0259llim v\u0259zif\u0259sind\u0259 \u00e7al\u0131\u015fm\u0131\u015fd\u0131r.<\/li>\n<li>G\u0259nc\u0259 D\u00f6vl\u0259t Universiteti Elmi \u015euras\u0131n\u0131n 4 iyun 2018-ci il tarixli q\u0259rar\u0131na \u0259sas\u0259n Az\u0259rbaycan v\u0259 d\u00fcnya \u0259d\u0259biyyat\u0131 kafedras\u0131nda dosent v\u0259zif\u0259sin\u0259 se\u00e7ilmi\u015fdir.<\/li>\n<li>2011-2015-ci ill\u0259rd\u0259 G\u0259nc\u0259 D\u00f6vl\u0259t Universitetinin Filologiya fak\u00fclt\u0259sind\u0259 T\u0259rbiy\u0259 i\u015fl\u0259ri \u00fczr\u0259 dekan m\u00fcavini v\u0259 akademik m\u0259sl\u0259h\u0259t\u00e7i (tyutor) v\u0259zif\u0259l\u0259rind\u0259 \u00e7al\u0131\u015fm\u0131\u015fd\u0131r.<\/li>\n<li>Az\u0259rbaycan Milli Elml\u0259r&nbsp; Akademiyas\u0131&nbsp; R\u0259yas\u0259t&nbsp; Hey\u0259tinin Humanitar&nbsp; v\u0259&nbsp; \u0130ctimai&nbsp; Elml\u0259r&nbsp; B\u00f6lm\u0259sinin&nbsp; 2014-c\u00fc&nbsp; ilin&nbsp; yekunlar\u0131na&nbsp; dair&nbsp; hesabat iclas\u0131nda \u201cMolla N\u0259sr\u0259ddin\u201d jurnal\u0131nda Az\u0259rbaycan\u00e7\u0131l\u0131q\u201d adl\u0131 t\u0259dqiqat\u0131 m\u00fch\u00fcm elmi n\u0259tic\u0259l\u0259r s\u0131ras\u0131nda qeyd edilmi\u015fdir.<\/li>\n<li>ADA Universitetinin t\u0259\u015fkilat\u00e7\u0131l\u0131\u011f\u0131 il\u0259 AB\u015e-\u0131n Az\u0259rbaycandak\u0131 S\u0259firliyi t\u0259r\u0259find\u0259n d\u0259st\u0259kl\u0259n\u0259n \u201cRegionlarda T\u0259dqiqat Potensial\u0131n\u0131n G\u00fccl\u0259ndirilm\u0259si\u201d layih\u0259si \u00e7\u0259r\u00e7iv\u0259sind\u0259 4 ayl\u0131q kursu \u0259n y\u00fcks\u0259k n\u0259tic\u0259 il\u0259, u\u011furla ba\u015fa vurmu\u015fdur.<\/li>\n<li>Yeni Az\u0259rbaycan Partiyas\u0131n\u0131n 1999-cu ild\u0259n etibar\u0259n \u00fczv\u00fcd\u00fcr.<\/li>\n<\/ul>\n<p><span style=\"color: #ff6600;\"><strong>T\u018fLT\u0130FL\u018fR\u0130<\/strong><\/span><\/p>\n<ul>\n<li>1 noyabr 2018-ci ild\u0259 y\u00fcks\u0259kixtisasl\u0131 kadrlar\u0131n haz\u0131rlanmas\u0131ndak\u0131 xidm\u0259tl\u0259rin\u0259 g\u00f6r\u0259 Az\u0259rbaycan Respublikas\u0131 T\u0259hsil Nazirliyinin F\u0259xri F\u0259rman\u0131 il\u0259 t\u0259ltif olunmu\u015fdur.<\/li>\n<\/ul>\n<p><strong>T\u018fDQ\u0130QAT SAH\u018fS\u0130<\/strong><\/p>\n<ul>\n<li>XX \u0259sr Az\u0259rbaycan \u0259d\u0259biyyat\u0131, m\u0259tbuat tarixi v\u0259 publisistika m\u0259s\u0259l\u0259l\u0259ri, kulturologiya<\/li>\n<\/ul>\n<p><strong>&nbsp;<\/strong><\/p>\n<p><span style=\"color: #ff6600;\"><strong>ELM\u0130 \u018fS\u018fRL\u018fR\u0130<\/strong><\/span><\/p>\n<ul>\n<li>180-y\u0259 yax\u0131n elmi \u0259s\u0259rin (m\u0259qal\u0259, tezis, konfrans material\u0131, 13 f\u0259nn proqram\u0131 (qrifli), 1 metodik v\u0259sait, 2 monoqrafiya (biri m\u00fc\u015ft\u0259r\u0259k olmaqla T\u00fcrkiy\u0259d\u0259 n\u0259\u015fr edilmi\u015f), 1 elmi t\u0259rtib kitab\u0131 v\u0259 1 d\u0259rs v\u0259saiti) m\u00fc\u0259llifidir. Fyodor Mixaylovi\u00e7 Dostoyevskinin yarad\u0131c\u0131l\u0131\u011f\u0131 (G\u0259nc\u0259, 2011, 42 s\u0259h.), \u018fli Razi \u015eam\u00e7\u0131zad\u0259 \u201cMolla N\u0259sr\u0259ddin\u201dd\u0259. \u018fs\u0259rl\u0259rind\u0259n n\u00fcmun\u0259l\u0259r (Bak\u0131: Elm v\u0259 t\u0259hsil, 2017, 133 s\u0259h.), \u201cMolla N\u0259sr\u0259ddin\u201d jurnal\u0131 v\u0259 G\u0259nc\u0259 \u0259d\u0259bi m\u00fchiti (Bak\u0131: Elm v\u0259 t\u0259hsil, 2018, 168 s\u0259h.), XX \u0259sr Az\u0259rbaycan \u0259d\u0259biyyat\u0131 m\u0259s\u0259l\u0259l\u0259ri (Bak\u0131: Elm v\u0259 t\u0259hsil, 2019, 248 s\u0259h.), Kadim Vatan Karaba\u011f Karaba\u011f Sava\u015f\u0131 \u015eehit ve Gazileri\u0313ne Ancient Homeland Karabakh To the Martyrs and Veterans of the Karabakh War (Divan Kitap. SBN: 978-605-4239-65-8, 1. Bask\u0131, 2022, Ankara. \u0130stanbul. 572 sayfa.) adl\u0131 metodik v\u0259sait, elmi t\u0259rtib kitab\u0131, monoqrafiya, d\u0259rs v\u0259saiti, h\u0259m\u00e7inin \u018fd\u0259biyyat n\u0259z\u0259riyy\u0259si (Magistratura s\u0259viyy\u0259si \u00fc\u00e7\u00fcn) (G\u0259nc\u0259, 2011), M\u0259d\u0259niyy\u0259t\u015f\u00fcnasl\u0131q v\u0259 gender\u0259 giri\u015f (Bakalavriat s\u0259viyy\u0259si \u00fc\u00e7\u00fcn) (G\u0259nc\u0259, 2011), D\u00fcnya \u0259d\u0259biyyat\u0131 (Erk\u0259n orta \u0259srl\u0259r, intibah d\u00f6vr\u00fc v\u0259 XVII \u0259sr xarici \u00f6lk\u0259l\u0259r \u0259d\u0259biyyat\u0131 \u00fczr\u0259) (Bakalavriat s\u0259viyy\u0259si \u00fc\u00e7\u00fcn) (Bak\u0131, 2014), D\u00fcnya \u0259d\u0259biyyat\u0131 (Bakalavriat s\u0259viyy\u0259si \u00fc\u00e7\u00fcn) (Bak\u0131, 2014), Az\u0259rbaycan \u0259d\u0259biyyat\u0131 tarixi (yeni v\u0259 \u0259n yeni d\u00f6vr Az\u0259rbaycan \u0259d\u0259biyyat\u0131)&nbsp; (Bakalavriat&nbsp; s\u0259viyy\u0259si \u00fc\u00e7\u00fcn) (Bak\u0131: Elm v\u0259 t\u0259hsil, 2017), \u00d6lk\u0259 \u0259d\u0259biyyat\u0131 tarixi (yeni d\u00f6vr Az\u0259rbaycan \u0259d\u0259biyyat\u0131) (Bakalavriat&nbsp; s\u0259viyy\u0259si \u00fc\u00e7\u00fcn) (Bak\u0131: Elm v\u0259 t\u0259hsil, 2017), Az\u0259rbaycan dramaturgiyas\u0131 (Bakalavriat&nbsp; s\u0259viyy\u0259si \u00fc\u00e7\u00fcn) (Bak\u0131: Elm v\u0259 t\u0259hsil, 2017), Mirz\u0259 \u018fl\u0259kb\u0259r Sabir v\u0259 m\u0259kt\u0259bi (Bakalavriat&nbsp; s\u0259viyy\u0259si \u00fc\u00e7\u00fcn) (Bak\u0131: Elm v\u0259 t\u0259hsil, 2017), XX \u0259sr Az\u0259rbaycan \u0259d\u0259biyyat\u0131 (Magistratura s\u0259viyy\u0259si \u00fc\u00e7\u00fcn) (Bak\u0131, 2019), Filologiyan\u0131n m\u00fcasir probleml\u0259ri (Magistratura s\u0259viyy\u0259si \u00fc\u00e7\u00fcn) (Bak\u0131, 2019), \u018fd\u0259biyyat\u0131n t\u0259drisi metodikas\u0131n\u0131n tarixi v\u0259 metodologiyas\u0131 (Magistratura s\u0259viyy\u0259si \u00fc\u00e7\u00fcn) (Bak\u0131, 2019), Az\u0259rbaycan \u0259d\u0259bi m\u0259kt\u0259bl\u0259ri (Bakalavriat&nbsp; s\u0259viyy\u0259si \u00fc\u00e7\u00fcn) (Bak\u0131, 2019), \u018fd\u0259biyyat\u0131n t\u0259drisi metodikas\u0131 (Bakalavriat&nbsp; s\u0259viyy\u0259si \u00fc\u00e7\u00fcn) (Bak\u0131, 2020) adl\u0131 f\u0259nn proqramlar\u0131n\u0131n da m\u00fc\u0259llifidir. \u201cXX \u0259srin \u0259vv\u0259ll\u0259ri Az\u0259rbaycan publisistikas\u0131n\u0131n inki\u015faf t\u0259may\u00fcll\u0259ri\u201d m\u00f6vzusunda elml\u0259r doktorlu\u011fu dissertasiyas\u0131 tamamlanmaq \u00fczr\u0259dir.<\/li>\n<li>&nbsp;<\/li>\n<\/ul>\n\n\n<p><strong>BEYNALXALQ V\u018f\nRESPUBL\u0130KA S\u018fV\u0130YY\u018fL\u0130 S\u0130MPOZ\u0130UM, KONFRANS V\u018f FORUMLARDA \u0130\u015eT\u0130RAKI<\/strong><strong><\/strong><\/p>\n\n\n\n<ul class=\"wp-block-list\"><li>Az\u0259rbaycan Respublikas\u0131nda, el\u0259c\u0259 d\u0259 \u00f6lk\u0259 h\u00fcdudlar\u0131ndan k\u0259narda ke\u00e7irilmi\u015f y\u00fczd\u0259n art\u0131q beyn\u0259lxalq v\u0259 respublika s\u0259viyy\u0259li elmi simpozium, konfrans v\u0259 forumlarda, 8 beyn\u0259lxalq elmi v\u0259 t\u0259hsil layih\u0259sind\u0259 i\u015ftirak etmi\u015fdir.<\/li><li><\/li><\/ul>\n\n\n\n<p><\/p>\n","protected":false},"excerpt":{"rendered":"<p>&nbsp; Az\u0259rbaycan v\u0259 D\u00fcnya \u018fd\u0259biyyat\u0131 Kafedras\u0131n\u0131n m\u00fcdiri S\u018fBA AZAD QIZI NAMAZOVA Filologiya \u00fczr\u0259 f\u0259ls\u0259f\u0259 doktoru, dosent QISA B\u0130OQRAF\u0130K M\u018fLUMAT 1980-ci il sentyabr ay\u0131n\u0131n 20-d\u0259 Samux rayonu N\u0259bia\u011fal\u0131 q\u0259s\u0259b\u0259sind\u0259 ziyal\u0131 ail\u0259sind\u0259 anadan olmu\u015fdur. 1987-1996-ci ill\u0259rd\u0259 Samux rayonu N\u0259bia\u011fal\u0131 q\u0259s\u0259b\u0259 \u0259sas m\u0259kt\u0259bind\u0259, 1996-1998-ci ill\u0259rd\u0259 Samux rayonu N\u0259bia\u011fal\u0131 q\u0259s\u0259b\u0259 orta m\u0259kt\u0259bind\u0259 t\u0259hsilini \u0259la (f\u0259rql\u0259nm\u0259 \u015f\u0259had\u0259tnam\u0259si v\u0259 attestat\u0131 il\u0259)<\/p>\n<p><a href=\"https:\/\/filologiya.gdu.edu.az\/?page_id=2286\" class=\"more-link themebutton\">Daha \u0259trafl\u0131<\/a><\/p>\n","protected":false},"author":1,"featured_media":6402,"parent":0,"menu_order":0,"comment_status":"closed","ping_status":"closed","template":"","meta":{"footnotes":""},"class_list":["post-2286","page","type-page","status-publish","has-post-thumbnail","hentry"],"_links":{"self":[{"href":"https:\/\/filologiya.gdu.edu.az\/index.php?rest_route=\/wp\/v2\/pages\/2286","targetHints":{"allow":["GET"]}}],"collection":[{"href":"https:\/\/filologiya.gdu.edu.az\/index.php?rest_route=\/wp\/v2\/pages"}],"about":[{"href":"https:\/\/filologiya.gdu.edu.az\/index.php?rest_route=\/wp\/v2\/types\/page"}],"author":[{"embeddable":true,"href":"https:\/\/filologiya.gdu.edu.az\/index.php?rest_route=\/wp\/v2\/users\/1"}],"replies":[{"embeddable":true,"href":"https:\/\/filologiya.gdu.edu.az\/index.php?rest_route=%2Fwp%2Fv2%2Fcomments&post=2286"}],"version-history":[{"count":46,"href":"https:\/\/filologiya.gdu.edu.az\/index.php?rest_route=\/wp\/v2\/pages\/2286\/revisions"}],"predecessor-version":[{"id":8836,"href":"https:\/\/filologiya.gdu.edu.az\/index.php?rest_route=\/wp\/v2\/pages\/2286\/revisions\/8836"}],"wp:featuredmedia":[{"embeddable":true,"href":"https:\/\/filologiya.gdu.edu.az\/index.php?rest_route=\/wp\/v2\/media\/6402"}],"wp:attachment":[{"href":"https:\/\/filologiya.gdu.edu.az\/index.php?rest_route=%2Fwp%2Fv2%2Fmedia&parent=2286"}],"curies":[{"name":"wp","href":"https:\/\/api.w.org\/{rel}","templated":true}]}}