{"id":2281,"date":"2018-07-06T08:34:53","date_gmt":"2018-07-06T06:34:53","guid":{"rendered":"http:\/\/filologiya.gdu.edu.az\/?page_id=2281"},"modified":"2025-04-28T09:40:15","modified_gmt":"2025-04-28T07:40:15","slug":"az%c9%99rbaycan-v%c9%99-dunya-%c9%99d%c9%99biyyati-kafedrasinin-tarixi","status":"publish","type":"page","link":"https:\/\/filologiya.gdu.edu.az\/?page_id=2281","title":{"rendered":"Az\u0259rbaycan v\u0259 d\u00fcnya \u0259d\u0259biyyat\u0131 kafedras\u0131n\u0131n tarixi"},"content":{"rendered":"\n<figure class=\"wp-block-image size-full is-resized\"><img loading=\"lazy\" decoding=\"async\" width=\"332\" height=\"221\" src=\"https:\/\/filologiya.gdu.edu.az\/wp-content\/uploads\/2025\/04\/image-21.png\" alt=\"\" class=\"wp-image-9101\" style=\"width:548px;height:auto\" srcset=\"https:\/\/filologiya.gdu.edu.az\/wp-content\/uploads\/2025\/04\/image-21.png 332w, https:\/\/filologiya.gdu.edu.az\/wp-content\/uploads\/2025\/04\/image-21-285x190.png 285w\" sizes=\"auto, (max-width: 332px) 100vw, 332px\" \/><\/figure>\n\n\n\n<p><strong>AZ\u018fRBAYCAN V\u018f\nD\u00dcNYA \u018fD\u018fB\u0130YYATI KAFEDRASI<\/strong><\/p>\n\n\n\n<p><strong>&nbsp;YARANMA TAR\u0130X\u0130<\/strong><\/p>\n\n\n\n<ul class=\"wp-block-list\">\n<li>Az\u0259rbaycan<br>v\u0259 d\u00fcnya \u0259d\u0259biyyat\u0131 kafedras\u0131 \u201c\u00dcmumi \u0259d\u0259biyyat\u201d ad\u0131 il\u0259 1939-cu ild\u0259n f\u0259aliyy\u0259t<br>g\u00f6st\u0259rir v\u0259 G\u0259nc\u0259 D\u00f6vl\u0259t Universitetinin\u00a0<br>ilk kafedralar\u0131ndand\u0131r.<\/li>\n\n\n\n<li>Kafedran\u0131n<br>ilk m\u00fcdiri tan\u0131nm\u0131\u015f Az\u0259rbaycan \u015fairi \u018fhm\u0259d C\u0259mil olmu\u015fdur.<\/li>\n\n\n\n<li>1943-c\u00fc<br>ild\u0259n etibar\u0259n \u201cAz\u0259rbaycan \u0259d\u0259biyyat\u0131\u201d kafedras\u0131na filologiya elml\u0259ri doktoru,<br>professor \u018fli Sultanl\u0131 r\u0259hb\u0259rlik etmi\u015fdir. \u018fli Sultanl\u0131 \u201cAntik \u0259d\u0259biyyat<br>tarixi\u201d, \u201cRoma \u0259d\u0259biyyat\u0131 m\u00fcnt\u0259x\u0259bat\u0131\u201d, \u201cAntik \u0259d\u0259biyyat m\u00fcnt\u0259x\u0259bat\u0131\u201d kimi d\u0259rslikl\u0259rin,<br>\u201cAz\u0259rbaycana dramaturgiyas\u0131n\u0131n inki\u015faf yollar\u0131\u201d, \u201cNizami v\u0259 Q\u0259rbi Avropa \u0259d\u0259biyyat\u0131\u201d<br>v\u0259 s. d\u0259y\u0259rli \u0259s\u0259rl\u0259rin m\u00fc\u0259llifi olmu\u015fdur.<\/li>\n\n\n\n<li>Filologiya<br>elml\u0259ri doktoru, professor Davud Hac\u0131yev\u00a0<br>1948-ci ild\u0259n \u00f6t\u0259n \u0259srin 90-c\u0131 ill\u0259rinin sonlar\u0131na q\u0259d\u0259r \u201cAz\u0259rbaycan \u0259d\u0259biyyat\u0131\u201d<br>kafedras\u0131na r\u0259hb\u0259rlik etmi\u015fdir. O, Az\u0259rbaycan dramaturgiyas\u0131 v\u0259 d\u00fcnya \u0259d\u0259biyyat\u0131<br>sah\u0259sind\u0259 tan\u0131nm\u0131\u015f m\u00fct\u0259x\u0259ssisl\u0259rd\u0259n idi.<\/li>\n\n\n\n<li>Filologiya<br>elml\u0259ri doktoru, professor, \u018fm\u0259kdar elm xadimi X\u0259lil Yusifli ke\u00e7\u0259n \u0259srin 90-c\u0131<br>ill\u0259rinin \u0259vv\u0259ll\u0259rind\u0259 \u201cAz\u0259rbaycan \u0259d\u0259biyyat\u0131 v\u0259 onun t\u0259drisi metodikas\u0131\u201d<br>kafedras\u0131n\u0131n m\u00fcdiri olmu\u015fdur. Az\u0259rbaycan \u0259d\u0259biyyat\u015f\u00fcnasl\u0131\u011f\u0131nda bir \u00e7ox ilkl\u0259r\u0259<br>imza atm\u0131\u015f X\u0259lil Yusiflinin t\u0259dqiqatlar\u0131n\u0131n \u0259sas istiqam\u0259ti Nizami G\u0259nc\u0259vi<br>yarad\u0131c\u0131l\u0131\u011f\u0131 il\u0259 ba\u011fl\u0131 olsa da, b\u00fct\u00f6vl\u00fckd\u0259 Q\u0259dim v\u0259 orta \u0259srl\u0259r Az\u0259rbaycan \u0259d\u0259biyyat\u0131n\u0131n<br>\u00e7e\u015fidli sah\u0259l\u0259ri \u00fczr\u0259 ara\u015fd\u0131rmalarla, t\u0259rc\u00fcm\u0259\u00e7ilik v\u0259 \u0259d\u0259bi-t\u0259nqidi m\u0259tnl\u0259rin t\u0259rtibi<br>il\u0259 yax\u0131ndan m\u0259\u015f\u011ful olmu\u015fdur.<\/li>\n\n\n\n<li>Filologiya<br>elml\u0259ri doktoru, professor Sad\u0131q \u015e\u00fck\u00fcrov 2002-2011-ci ill\u0259rd\u0259 \u201cAz\u0259rbaycan \u0259d\u0259biyyat\u0131\u201d<br>kafedras\u0131n\u0131n m\u00fcdiri olmu\u015fdur. O, alim-\u0259d\u0259biyyat\u015f\u00fcnas, t\u0259nqid\u00e7i kimi f\u0259aliyy\u0259t<br>g\u00f6st\u0259rmi\u015f, G\u0259nc\u0259nin tarixi abid\u0259l\u0259ri, maarifi il\u0259 ba\u011fl\u0131 xeyli sayda<br>ara\u015fd\u0131rmalar aparm\u0131\u015fd\u0131r.<\/li>\n\n\n\n<li>Filologiya<br>elml\u0259ri namiz\u0259di, dosent Tofiq Musayev \u0259d\u0259bi t\u0259nqid \u00fczr\u0259 m\u00fct\u0259x\u0259ssis olmu\u015f,<br>Mehdi H\u00fcseyn yarad\u0131c\u0131l\u0131\u011f\u0131na dair ard\u0131c\u0131l t\u0259dqiqatlar aparm\u0131\u015fd\u0131r. O,<br>2001-2005-ci ill\u0259rd\u0259 \u201cD\u00fcnya \u0259d\u0259biyyat\u0131 v\u0259 m\u0259d\u0259niyy\u0259t\u015f\u00fcnasl\u0131q\u201d kafedras\u0131n\u0131n<br>m\u00fcdiri olmu\u015fdur.<\/li>\n\n\n\n<li>Filologiya<br>elml\u0259ri doktoru, professor Ba\u011f\u0131r Ba\u011f\u0131rov G\u0259nc\u0259 D\u00f6vl\u0259t Universitetinin \u201c\u015e\u0259r\u0259fli<br>yol\u201d adl\u0131 salnam\u0259sinin yarad\u0131c\u0131s\u0131d\u0131r.\u00a0 O,<br>m\u00fcasir Az\u0259rbaycan poeziyas\u0131n\u0131n t\u0259dqiqat\u00e7\u0131lar\u0131ndand\u0131r. B.Ba\u011f\u0131rov 2006-2011-ci<br>ill\u0259rd\u0259 \u201cD\u00fcnya \u0259d\u0259biyyat\u0131 v\u0259 \u0259n yeni \u0259d\u0259biyyat\u201d kafedras\u0131n\u0131n m\u00fcdiri olmu\u015fdur.<\/li>\n\n\n\n<li>Filologiya<br>elml\u0259ri namiz\u0259di, Universitetin F\u0259xri professoru N\u0259zak\u0259t \u018fliyeva 2011-2018-ci<br>ill\u0259rd\u0259 Az\u0259rbaycan v\u0259 d\u00fcnya \u0259d\u0259biyyat\u0131 kafedras\u0131n\u0131n m\u00fcdiri olmu\u015fdur. N.\u018fliyeva<br>m\u00fcasir \u0259d\u0259biyyat\u015f\u00fcnasl\u0131\u011f\u0131n probleml\u0259ri \u00fczr\u0259 m\u00fct\u0259x\u0259ssis v\u0259 Mirz\u0259 \u015e\u0259fi Vazeh<br>irsinin t\u0259dqiqat\u00e7\u0131s\u0131 idi.<\/li>\n\n\n\n<li>Filologiya<br>elml\u0259ri namiz\u0259di, Universitetin F\u0259xri professoru Maqbet \u018fhm\u0259dov 2018-2023-c\u00fc<br>ill\u0259rd\u0259\u00a0 Az\u0259rbaycan v\u0259 d\u00fcnya \u0259d\u0259biyyat\u0131<br>kafedras\u0131n\u0131n m\u00fcdiri olmu\u015fdur. M.\u018fhm\u0259dov Az\u0259rbaycan folklorunun t\u0259dqiqat\u00e7\u0131s\u0131<br>idi. Bununla yana\u015f\u0131, o, m\u00fcasir Az\u0259rbaycan \u0259d\u0259biyyat\u0131 il\u0259 ba\u011fl\u0131 ara\u015fd\u0131rmalar da<br>aparm\u0131\u015fd\u0131r.<\/li>\n\n\n\n<li>Filologiya \u00fczr\u0259 f\u0259ls\u0259f\u0259 doktoru, dosent S\u0259ba<br>     Azad q\u0131z\u0131 Namazova 2023-c\u00fc ilin may\u0131ndan etibar\u0259n Az\u0259rbaycan v\u0259 d\u00fcnya \u0259d\u0259biyyat\u0131<br>     kafedras\u0131na r\u0259hb\u0259rlik edir. S\u0259ba Namazova XX \u0259sr Az\u0259rbaycan \u0259d\u0259biyyat\u0131, m\u0259tbuat<br>     tarixi v\u0259 publisistika m\u0259s\u0259l\u0259l\u0259ri, kulturologiya sah\u0259sind\u0259 sistemli t\u0259dqiqatlar<br>     apar\u0131r. O, Fyodor Mixaylovi\u00e7 Dostoyevskinin yarad\u0131c\u0131l\u0131\u011f\u0131 (G\u0259nc\u0259, 2011, 42<br>     s\u0259h.), \u018fli Razi \u015eam\u00e7\u0131zad\u0259 \u201cMolla N\u0259sr\u0259ddin\u201dd\u0259. \u018fs\u0259rl\u0259rind\u0259n n\u00fcmun\u0259l\u0259r<br>     (Bak\u0131: Elm v\u0259 t\u0259hsil, 2017, 133 s\u0259h.), \u201cMolla N\u0259sr\u0259ddin\u201d jurnal\u0131 v\u0259 G\u0259nc\u0259 \u0259d\u0259bi<br>     m\u00fchiti (Bak\u0131: Elm v\u0259 t\u0259hsil, 2018, 168 s\u0259h.), XX \u0259sr Az\u0259rbaycan \u0259d\u0259biyyat\u0131<br>     m\u0259s\u0259l\u0259l\u0259ri (Bak\u0131: Elm v\u0259 t\u0259hsil, 2019, 248 s\u0259h.), Kadim Vatan Karaba\u011f<br>     Karaba\u011f Sava\u015f\u0131 \u015eehit ve Gazileri\u0313ne Ancient Homeland Karabakh To the<br>     Martyrs and Veterans of the Karabakh War (Divan Kitap. SBN:<br>     978-605-4239-65-8, 1. Bask\u0131, 2022, Ankara. \u0130stanbul. 572 sayfa) adl\u0131<br>     metodik v\u0259sait, elmi t\u0259rtib kitab\u0131, monoqrafiya, d\u0259rs v\u0259saitinin m\u00fc\u0259llifidir.<br>     <\/li>\n<\/ul>\n","protected":false},"excerpt":{"rendered":"<p>AZ\u018fRBAYCAN V\u018f D\u00dcNYA \u018fD\u018fB\u0130YYATI KAFEDRASI &nbsp;YARANMA TAR\u0130X\u0130<\/p>\n","protected":false},"author":1,"featured_media":6405,"parent":0,"menu_order":0,"comment_status":"closed","ping_status":"closed","template":"","meta":{"footnotes":""},"class_list":["post-2281","page","type-page","status-publish","has-post-thumbnail","hentry"],"_links":{"self":[{"href":"https:\/\/filologiya.gdu.edu.az\/index.php?rest_route=\/wp\/v2\/pages\/2281","targetHints":{"allow":["GET"]}}],"collection":[{"href":"https:\/\/filologiya.gdu.edu.az\/index.php?rest_route=\/wp\/v2\/pages"}],"about":[{"href":"https:\/\/filologiya.gdu.edu.az\/index.php?rest_route=\/wp\/v2\/types\/page"}],"author":[{"embeddable":true,"href":"https:\/\/filologiya.gdu.edu.az\/index.php?rest_route=\/wp\/v2\/users\/1"}],"replies":[{"embeddable":true,"href":"https:\/\/filologiya.gdu.edu.az\/index.php?rest_route=%2Fwp%2Fv2%2Fcomments&post=2281"}],"version-history":[{"count":6,"href":"https:\/\/filologiya.gdu.edu.az\/index.php?rest_route=\/wp\/v2\/pages\/2281\/revisions"}],"predecessor-version":[{"id":9102,"href":"https:\/\/filologiya.gdu.edu.az\/index.php?rest_route=\/wp\/v2\/pages\/2281\/revisions\/9102"}],"wp:featuredmedia":[{"embeddable":true,"href":"https:\/\/filologiya.gdu.edu.az\/index.php?rest_route=\/wp\/v2\/media\/6405"}],"wp:attachment":[{"href":"https:\/\/filologiya.gdu.edu.az\/index.php?rest_route=%2Fwp%2Fv2%2Fmedia&parent=2281"}],"curies":[{"name":"wp","href":"https:\/\/api.w.org\/{rel}","templated":true}]}}