{"id":162,"date":"2016-04-17T19:33:07","date_gmt":"2016-04-17T17:33:07","guid":{"rendered":"http:\/\/filologiya.gdu.edu.az\/?page_id=162"},"modified":"2024-04-18T14:36:17","modified_gmt":"2024-04-18T12:36:17","slug":"t%c9%99l%c9%99b%c9%99-t%c9%99skilati","status":"publish","type":"page","link":"https:\/\/filologiya.gdu.edu.az\/?page_id=162","title":{"rendered":"T\u0259l\u0259b\u0259 H\u0259mkarlar T\u0259\u015fkilat\u0131"},"content":{"rendered":"<p><span style=\"color: #ff0000;\"><em><strong>Fak\u00fclt\u0259 T\u0259l\u0259b\u0259 H\u0259mkarlar <\/strong><strong>T\u0259\u015fkilat\u0131n\u0131n s\u0259dri<\/strong><\/em><\/span><\/p>\n\n\n<div class=\"wp-block-image\"><figure class=\"aligncenter size-large is-resized\"><img loading=\"lazy\" decoding=\"async\" src=\"https:\/\/filologiya.gdu.edu.az\/wp-content\/uploads\/2024\/04\/IMG-20240412-WA0002.jpg\" alt=\"\" class=\"wp-image-6998\" width=\"144\" height=\"285\"\/><\/figure><\/div>\n\n\n\n<p>Ad, soyad, ata ad\u0131 : <strong>N\u0259rmin S\u0259f\u0259r\u0259liyeva Anar q\u0131z\u0131<\/strong><\/p>\n\n\n\n<p>Do\u011fuldu\u011fu yer v\u0259 tarix : Q\u0259b\u0259l\u0259 rayonu,\nDa\u015fca k\u0259ndi \/ 24.06.2003<\/p>\n\n\n\n<p>Qeydiyyatda oldu\u011fu yer : Q\u0259b\u0259l\u0259 rayonu,\nDa\u015fca k\u0259ndi<\/p>\n\n\n\n<p>Ya\u015fad\u0131\u011f\u0131 yer :&nbsp;&nbsp; G\u0259nc\u0259 \u015f\u0259h\u0259ri<\/p>\n\n\n\n<p>Bitirdiyi m\u0259kt\u0259b: Q\u0259b\u0259l\u0259 rayonu Da\u015fca k\u0259nd\ntam orta m\u0259kt\u0259bi (2009:2020)<\/p>\n\n\n\n<p>orta m\u0259kt\u0259bi (2009:2020)<\/p>\n\n\n\n<p>Q\u0259bul olundu\u011fu ali m\u0259kt\u0259b v\u0259 ixtisas : G\u0259nc\u0259\nD\u00f6vl\u0259t Universiteti&nbsp; Filologiya fak\u00fclt\u0259si\nAz\u0259rbaycan dili v\u0259 \u0259d\u0259biyyat\u0131 m\u00fc\u0259llimliyi <\/p>\n\n\n\n<p>Ali t\u0259hsil m\u00fc\u0259ssis\u0259sin\u0259 q\u0259bul olma tarixi\n:&nbsp; 2020-ci il. <\/p>\n\n\n\n<p>Cari v\u0259ziyy\u0259t:<\/p>\n\n\n\n<p>\u0130xtisas v\u0259 kurs : Az\u0259rbaycan dili v\u0259 \u0259d\u0259biyyat\u0131\nm\u00fc\u0259llimliyi, IV\u00b2 kurs<\/p>\n\n\n\n<p>Da\u015f\u0131d\u0131\u011f\u0131 v\u0259zif\u0259: Filologiya fak\u00fclt\u0259si THT s\u0259dri(T\u0259l\u0259b\u0259\nh\u0259mkarlar t\u0259\u015fkilat\u0131)<\/p>\n\n\n\n<p>Da\u015f\u0131d\u0131\u011f\u0131 v\u0259zif\u0259y\u0259 t\u0259yin edilm\u0259 tarixi :\n02.04. 2022- ci il <\/p>\n","protected":false},"excerpt":{"rendered":"<p>Fak\u00fclt\u0259 T\u0259l\u0259b\u0259 H\u0259mkarlar T\u0259\u015fkilat\u0131n\u0131n s\u0259dri Ad, soyad, ata ad\u0131 : N\u0259rmin S\u0259f\u0259r\u0259liyeva Anar q\u0131z\u0131 Do\u011fuldu\u011fu yer v\u0259 tarix : Q\u0259b\u0259l\u0259 rayonu, Da\u015fca k\u0259ndi \/ 24.06.2003 Qeydiyyatda oldu\u011fu yer : Q\u0259b\u0259l\u0259 rayonu, Da\u015fca k\u0259ndi Ya\u015fad\u0131\u011f\u0131 yer :&nbsp;&nbsp; G\u0259nc\u0259 \u015f\u0259h\u0259ri Bitirdiyi m\u0259kt\u0259b: Q\u0259b\u0259l\u0259 rayonu Da\u015fca k\u0259nd tam orta m\u0259kt\u0259bi (2009:2020) orta m\u0259kt\u0259bi (2009:2020) Q\u0259bul olundu\u011fu ali m\u0259kt\u0259b<\/p>\n<p><a href=\"https:\/\/filologiya.gdu.edu.az\/?page_id=162\" class=\"more-link themebutton\">Daha \u0259trafl\u0131<\/a><\/p>\n","protected":false},"author":1,"featured_media":0,"parent":0,"menu_order":0,"comment_status":"closed","ping_status":"closed","template":"","meta":{"footnotes":""},"class_list":["post-162","page","type-page","status-publish","hentry"],"_links":{"self":[{"href":"https:\/\/filologiya.gdu.edu.az\/index.php?rest_route=\/wp\/v2\/pages\/162","targetHints":{"allow":["GET"]}}],"collection":[{"href":"https:\/\/filologiya.gdu.edu.az\/index.php?rest_route=\/wp\/v2\/pages"}],"about":[{"href":"https:\/\/filologiya.gdu.edu.az\/index.php?rest_route=\/wp\/v2\/types\/page"}],"author":[{"embeddable":true,"href":"https:\/\/filologiya.gdu.edu.az\/index.php?rest_route=\/wp\/v2\/users\/1"}],"replies":[{"embeddable":true,"href":"https:\/\/filologiya.gdu.edu.az\/index.php?rest_route=%2Fwp%2Fv2%2Fcomments&post=162"}],"version-history":[{"count":45,"href":"https:\/\/filologiya.gdu.edu.az\/index.php?rest_route=\/wp\/v2\/pages\/162\/revisions"}],"predecessor-version":[{"id":9144,"href":"https:\/\/filologiya.gdu.edu.az\/index.php?rest_route=\/wp\/v2\/pages\/162\/revisions\/9144"}],"wp:attachment":[{"href":"https:\/\/filologiya.gdu.edu.az\/index.php?rest_route=%2Fwp%2Fv2%2Fmedia&parent=162"}],"curies":[{"name":"wp","href":"https:\/\/api.w.org\/{rel}","templated":true}]}}