{"id":160,"date":"2016-04-17T19:32:06","date_gmt":"2016-04-17T17:32:06","guid":{"rendered":"http:\/\/filologiya.gdu.edu.az\/?page_id=160"},"modified":"2024-05-24T12:37:27","modified_gmt":"2024-05-24T10:37:27","slug":"muhazir%c9%99l%c9%99r","status":"publish","type":"page","link":"http:\/\/filologiya.gdu.edu.az\/?page_id=160","title":{"rendered":"M\u00fchazir\u0259l\u0259r"},"content":{"rendered":"\n<p><a href=\"https:\/\/disk.yandex.com.tr\/d\/3GZBnjTfsXnyCA\"><strong>Dos.AFAQ YUS\u0130FL\u0130-Az\u0259rbaycan \u018fd\u0259biyyat\u0131 Tarixi-1<\/strong><\/a><\/p>\n\n\n\n<p><a href=\"https:\/\/disk.yandex.com.tr\/d\/cGd9Cccclxancw\"><strong>Dos.AFAQ YUS\u0130FL\u0130-D\u00fcnya \u0259d\u0259biyyat\u0131-1<\/strong><\/a><\/p>\n\n\n\n<p class=\"has-text-align-left\"><a href=\"https:\/\/disk.yandex.com.tr\/d\/OaUN7cN2lGBIxw\"><strong>Dos.AFAQ YUS\u0130FL\u0130-D\u00fcnya \u0259d\u0259biyyat\u0131-3<\/strong><\/a><\/p>\n\n\n\n<p><a href=\"https:\/\/disk.yandex.ru\/i\/BLy6jotBhXEi1g\"><strong>Dos.\u018fL\u0130YEV YAD\u0130GAR-MAD-1(Fonetika)<\/strong><\/a><\/p>\n\n\n\n<p><a href=\"https:\/\/disk.yandex.com.tr\/d\/4XPHAiPnjXQfTw\"><strong>Dos.SOLMAZ C\u018fF\u018fROVA-Az\u0259rbaycan Dilinin Tarixi Qrammatikas\u0131<\/strong><\/a><\/p>\n\n\n\n<p><a href=\"https:\/\/disk.yandex.ru\/i\/0enyYdl-boSOLA\"><strong>Prof.M\u00dcBAR\u0130Z YUS\u0130FOV-T\u00dcRKOLOG\u0130YAYA G\u0130R\u0130\u015e<\/strong><\/a><\/p>\n\n\n\n<p><a href=\"https:\/\/disk.yandex.ru\/d\/3kGIvTXZ-9H7TA\"><strong>Dos.G\u00dcLAR\u018f M\u018fL\u0130KOVA-\u018fSK\u0130 AZ\u018fRBAYCAN YAZISI<\/strong><\/a><\/p>\n\n\n\n<p><a href=\"https:\/\/disk.yandex.ru\/d\/eu6f2Zg0RDIAPg\"><strong>Dos.G\u00dcLC\u00d6HR\u018f MEHR\u018fL\u0130YEVA-MAD-5<\/strong><\/a><\/p>\n\n\n\n<p><a href=\"https:\/\/disk.yandex.ru\/d\/q2ERj73ani4VVA\"><strong>F.\u00fc.f.d M\u018fMM\u018fDOVA MEHR\u0130BAN-MAD-3<\/strong><\/a><\/p>\n\n\n\n<p><a href=\"https:\/\/disk.yandex.ru\/d\/GgcKhRoTLCF23Q\"><strong>P.\u00fc.f.d QUL\u0130YEVA SAM\u0130R\u018f-AD\u0130AK<\/strong><\/a><\/p>\n\n\n\n<p><a href=\"https:\/\/disk.yandex.ru\/d\/ZZokkpF_VY1UWA\"><strong>AYG\u00dcN \u018fHM\u018fDOVA-\u00d6LK\u018f \u018fD\u018fB\u0130YYATI TAR\u0130X\u0130-2<\/strong><\/a><\/p>\n\n\n\n<p><a href=\"https:\/\/disk.yandex.ru\/d\/vtz1MGcOmxAZuw\"><strong>ABBASOV H\u018fM\u0130D D\u00dcNYA \u018fD\u018fB\u0130YYATI-2<\/strong><\/a><\/p>\n\n\n\n<p><a href=\"https:\/\/disk.yandex.ru\/d\/B6diM-gcdRkfMA\"><strong>K\u00d6N\u00dcL M\u018fMM\u018fDOVA-M\u018fD\u018fN\u0130YY\u018fT\u015e\u00dcNASLI\u011eA G\u0130R\u0130\u015e<\/strong><\/a><\/p>\n\n\n\n<p><a href=\"https:\/\/disk.yandex.ru\/d\/RsRQhxwv3GPGQg\"><strong>YEGAN\u018f H\u00dcSEYNOVA AZ\u018fRBAYCAN \u018fD\u018fB\u0130YYATI TAR\u0130X\u0130-3<\/strong><\/a><\/p>\n","protected":false},"excerpt":{"rendered":"<p>Dos.AFAQ YUS\u0130FL\u0130-Az\u0259rbaycan \u018fd\u0259biyyat\u0131 Tarixi-1 Dos.AFAQ YUS\u0130FL\u0130-D\u00fcnya \u0259d\u0259biyyat\u0131-1 Dos.AFAQ YUS\u0130FL\u0130-D\u00fcnya \u0259d\u0259biyyat\u0131-3 Dos.\u018fL\u0130YEV YAD\u0130GAR-MAD-1(Fonetika) Dos.SOLMAZ C\u018fF\u018fROVA-Az\u0259rbaycan Dilinin Tarixi Qrammatikas\u0131 Prof.M\u00dcBAR\u0130Z YUS\u0130FOV-T\u00dcRKOLOG\u0130YAYA G\u0130R\u0130\u015e Dos.G\u00dcLAR\u018f M\u018fL\u0130KOVA-\u018fSK\u0130 AZ\u018fRBAYCAN YAZISI Dos.G\u00dcLC\u00d6HR\u018f MEHR\u018fL\u0130YEVA-MAD-5 F.\u00fc.f.d M\u018fMM\u018fDOVA MEHR\u0130BAN-MAD-3 P.\u00fc.f.d QUL\u0130YEVA SAM\u0130R\u018f-AD\u0130AK AYG\u00dcN \u018fHM\u018fDOVA-\u00d6LK\u018f \u018fD\u018fB\u0130YYATI TAR\u0130X\u0130-2 ABBASOV H\u018fM\u0130D D\u00dcNYA \u018fD\u018fB\u0130YYATI-2 K\u00d6N\u00dcL M\u018fMM\u018fDOVA-M\u018fD\u018fN\u0130YY\u018fT\u015e\u00dcNASLI\u011eA G\u0130R\u0130\u015e YEGAN\u018f H\u00dcSEYNOVA AZ\u018fRBAYCAN \u018fD\u018fB\u0130YYATI TAR\u0130X\u0130-3<\/p>\n","protected":false},"author":1,"featured_media":0,"parent":0,"menu_order":0,"comment_status":"closed","ping_status":"closed","template":"","meta":{"footnotes":""},"class_list":["post-160","page","type-page","status-publish","hentry"],"_links":{"self":[{"href":"http:\/\/filologiya.gdu.edu.az\/index.php?rest_route=\/wp\/v2\/pages\/160","targetHints":{"allow":["GET"]}}],"collection":[{"href":"http:\/\/filologiya.gdu.edu.az\/index.php?rest_route=\/wp\/v2\/pages"}],"about":[{"href":"http:\/\/filologiya.gdu.edu.az\/index.php?rest_route=\/wp\/v2\/types\/page"}],"author":[{"embeddable":true,"href":"http:\/\/filologiya.gdu.edu.az\/index.php?rest_route=\/wp\/v2\/users\/1"}],"replies":[{"embeddable":true,"href":"http:\/\/filologiya.gdu.edu.az\/index.php?rest_route=%2Fwp%2Fv2%2Fcomments&post=160"}],"version-history":[{"count":78,"href":"http:\/\/filologiya.gdu.edu.az\/index.php?rest_route=\/wp\/v2\/pages\/160\/revisions"}],"predecessor-version":[{"id":7709,"href":"http:\/\/filologiya.gdu.edu.az\/index.php?rest_route=\/wp\/v2\/pages\/160\/revisions\/7709"}],"wp:attachment":[{"href":"http:\/\/filologiya.gdu.edu.az\/index.php?rest_route=%2Fwp%2Fv2%2Fmedia&parent=160"}],"curies":[{"name":"wp","href":"https:\/\/api.w.org\/{rel}","templated":true}]}}